{"id":69,"date":"2024-12-11T09:47:49","date_gmt":"2024-12-11T08:47:49","guid":{"rendered":"http:\/\/sosy.uwb.pl\/index.php\/o-nas\/"},"modified":"2024-12-17T19:34:37","modified_gmt":"2024-12-17T18:34:37","slug":"o-key-west","status":"publish","type":"page","link":"https:\/\/sosy.uwb.pl\/index.php\/o-key-west\/","title":{"rendered":"O Key West"},"content":{"rendered":"\t\t<div data-elementor-type=\"wp-page\" data-elementor-id=\"69\" class=\"elementor elementor-69\" data-elementor-post-type=\"page\">\n\t\t\t\t\t\t<section class=\"elementor-section elementor-top-section elementor-element elementor-element-1ccd9f98 elementor-section-height-min-height elementor-section-items-stretch elementor-section-boxed elementor-section-height-default\" data-id=\"1ccd9f98\" data-element_type=\"section\">\n\t\t\t\t\t\t<div class=\"elementor-container elementor-column-gap-default\">\n\t\t\t\t\t<div class=\"elementor-column elementor-col-50 elementor-top-column elementor-element elementor-element-cd61985\" data-id=\"cd61985\" data-element_type=\"column\">\n\t\t\t<div class=\"elementor-widget-wrap elementor-element-populated\">\n\t\t\t\t\t\t<div class=\"elementor-element elementor-element-2cae7ce elementor--h-position-center elementor--v-position-middle elementor-arrows-position-inside elementor-pagination-position-inside elementor-widget elementor-widget-slides\" data-id=\"2cae7ce\" data-element_type=\"widget\" data-settings=\"{&quot;navigation&quot;:&quot;both&quot;,&quot;autoplay&quot;:&quot;yes&quot;,&quot;pause_on_hover&quot;:&quot;yes&quot;,&quot;pause_on_interaction&quot;:&quot;yes&quot;,&quot;autoplay_speed&quot;:5000,&quot;infinite&quot;:&quot;yes&quot;,&quot;transition&quot;:&quot;slide&quot;,&quot;transition_speed&quot;:500}\" data-widget_type=\"slides.default\">\n\t\t\t\t<div class=\"elementor-widget-container\">\n\t\t\t\t\t\t\t\t\t<div class=\"elementor-swiper\">\n\t\t\t\t\t<div class=\"elementor-slides-wrapper elementor-main-swiper swiper\" role=\"region\" aria-roledescription=\"carousel\" aria-label=\"Slajdy\" dir=\"ltr\" data-animation=\"fadeInUp\">\n\t\t\t\t<div class=\"swiper-wrapper elementor-slides\">\n\t\t\t\t\t\t\t\t\t\t<div class=\"elementor-repeater-item-00fddf8 swiper-slide\" role=\"group\" aria-roledescription=\"slide\"><div class=\"swiper-slide-bg\" role=\"img\"><\/div><div class=\"swiper-slide-inner\" ><div class=\"swiper-slide-contents\"><\/div><\/div><\/div><div class=\"elementor-repeater-item-49364cc swiper-slide\" role=\"group\" aria-roledescription=\"slide\"><div class=\"swiper-slide-bg\" role=\"img\"><\/div><div class=\"swiper-slide-inner\" ><div class=\"swiper-slide-contents\"><\/div><\/div><\/div><div class=\"elementor-repeater-item-7064a3f swiper-slide\" role=\"group\" aria-roledescription=\"slide\"><div class=\"swiper-slide-bg\" role=\"img\"><\/div><div class=\"swiper-slide-inner\" ><div class=\"swiper-slide-contents\"><\/div><\/div><\/div>\t\t\t\t<\/div>\n\t\t\t\t\t\t\t\t\t\t\t\t\t\t\t<div class=\"elementor-swiper-button elementor-swiper-button-prev\" role=\"button\" tabindex=\"0\" aria-label=\"Previous slide\">\n\t\t\t\t\t\t\t<svg aria-hidden=\"true\" class=\"e-font-icon-svg e-eicon-chevron-left\" viewBox=\"0 0 1000 1000\" xmlns=\"http:\/\/www.w3.org\/2000\/svg\"><path d=\"M646 125C629 125 613 133 604 142L308 442C296 454 292 471 292 487 292 504 296 521 308 533L604 854C617 867 629 875 646 875 663 875 679 871 692 858 704 846 713 829 713 812 713 796 708 779 692 767L438 487 692 225C700 217 708 204 708 187 708 171 704 154 692 142 675 129 663 125 646 125Z\"><\/path><\/svg>\t\t\t\t\t\t<\/div>\n\t\t\t\t\t\t<div class=\"elementor-swiper-button elementor-swiper-button-next\" role=\"button\" tabindex=\"0\" aria-label=\"Next slide\">\n\t\t\t\t\t\t\t<svg aria-hidden=\"true\" class=\"e-font-icon-svg e-eicon-chevron-right\" viewBox=\"0 0 1000 1000\" xmlns=\"http:\/\/www.w3.org\/2000\/svg\"><path d=\"M696 533C708 521 713 504 713 487 713 471 708 454 696 446L400 146C388 133 375 125 354 125 338 125 325 129 313 142 300 154 292 171 292 187 292 204 296 221 308 233L563 492 304 771C292 783 288 800 288 817 288 833 296 850 308 863 321 871 338 875 354 875 371 875 388 867 400 854L696 533Z\"><\/path><\/svg>\t\t\t\t\t\t<\/div>\n\t\t\t\t\t\t\t\t\t\t\t\t\t\t\t\t<div class=\"swiper-pagination\"><\/div>\n\t\t\t\t\t\t\t\t\t\t\t\t<\/div>\n\t\t\t\t<\/div>\n\t\t\t\t\t\t\t\t<\/div>\n\t\t\t\t<\/div>\n\t\t\t\t\t<\/div>\n\t\t<\/div>\n\t\t\t\t<div class=\"elementor-column elementor-col-50 elementor-top-column elementor-element elementor-element-3fff0920\" data-id=\"3fff0920\" data-element_type=\"column\">\n\t\t\t<div class=\"elementor-widget-wrap elementor-element-populated\">\n\t\t\t\t\t\t<div class=\"elementor-element elementor-element-627b93cb elementor-widget elementor-widget-heading\" data-id=\"627b93cb\" data-element_type=\"widget\" data-widget_type=\"heading.default\">\n\t\t\t\t<div class=\"elementor-widget-container\">\n\t\t\t\t\t<h3 class=\"elementor-heading-title elementor-size-default\">o Key west<\/h3>\t\t\t\t<\/div>\n\t\t\t\t<\/div>\n\t\t\t\t<div class=\"elementor-element elementor-element-6682b8a elementor-widget elementor-widget-heading\" data-id=\"6682b8a\" data-element_type=\"widget\" data-widget_type=\"heading.default\">\n\t\t\t\t<div class=\"elementor-widget-container\">\n\t\t\t\t\t<h2 class=\"elementor-heading-title elementor-size-default\">Key West jest niesamowite z kilku powod\u00f3w:<\/h2>\t\t\t\t<\/div>\n\t\t\t\t<\/div>\n\t\t\t\t<div class=\"elementor-element elementor-element-141638d elementor-widget elementor-widget-text-editor\" data-id=\"141638d\" data-element_type=\"widget\" data-widget_type=\"text-editor.default\">\n\t\t\t\t<div class=\"elementor-widget-container\">\n\t\t\t\t\t\t\t\t\t<p>1. Bogata historia: Key West ma bogat\u0105 histori\u0119, od bycia domem dla postaci literackich, takich jak Ernest Hemingway, po rol\u0119 w historii marynarki wojennej USA. Zwiedzaj\u0105cy mog\u0105 zwiedza\u0107 zabytkowe miejsca, takie jak Dom i Muzeum Ernesta Hemingwaya lub Southernmost Point Buoy.<\/p><p>2. Osza\u0142amiaj\u0105ce krajobrazy: Dzi\u0119ki krystalicznie czystej wodzie, piaszczystym pla\u017com i \u017cywym zachodom s\u0142o\u0144ca, Key West oferuje malownicze widoki. Zachody s\u0142o\u0144ca na Mallory Square s\u0105 szczeg\u00f3lnie znane z zapieraj\u0105cych dech w piersiach widok\u00f3w.<\/p><p>3. Festiwale i wydarzenia: Na wyspie odbywa si\u0119 wiele festiwali i wydarze\u0144, w tym Fantasy Fest, szalone i kolorowe \u015bwi\u0119to oraz Conch Republic Days, osobliwe coroczne \u015bwi\u0119to buntowniczego ducha wyspy.<\/p><p>4. Eklektyczna kultura: Wyspa s\u0142ynie z po\u0142\u0105czenia uroku starej Florydy, kultury artystycznej i go\u015bcinnej spo\u0142eczno\u015bci. Od galerii sztuki po ulicznych artyst\u00f3w, panuje tu nieustanny gwar kreatywno\u015bci.<\/p><p>5. Wspania\u0142e jedzenie: Key West s\u0142ynie z owoc\u00f3w morza, zw\u0142aszcza sma\u017conych muszli i ciasta limonkowego, ale oferuje r\u00f3wnie\u017c szereg opcji gastronomicznych, od zwyk\u0142ych jad\u0142odajni po wykwintne restauracje z osza\u0142amiaj\u0105cymi widokami na wod\u0119.<\/p>\t\t\t\t\t\t\t\t<\/div>\n\t\t\t\t<\/div>\n\t\t\t\t\t<\/div>\n\t\t<\/div>\n\t\t\t\t\t<\/div>\n\t\t<\/section>\n\t\t<div class=\"elementor-element elementor-element-3d40b7e6 elementor-hidden-mobile e-con-full e-flex e-con e-parent\" data-id=\"3d40b7e6\" data-element_type=\"container\" data-settings=\"{&quot;background_background&quot;:&quot;classic&quot;}\">\n\t\t\t\t<div class=\"elementor-element elementor-element-56381ee3 elementor-widget elementor-widget-spacer\" data-id=\"56381ee3\" data-element_type=\"widget\" data-widget_type=\"spacer.default\">\n\t\t\t\t<div class=\"elementor-widget-container\">\n\t\t\t\t\t\t\t<div class=\"elementor-spacer\">\n\t\t\t<div class=\"elementor-spacer-inner\"><\/div>\n\t\t<\/div>\n\t\t\t\t\t\t<\/div>\n\t\t\t\t<\/div>\n\t\t\t\t<\/div>\n\t\t\t\t<section class=\"elementor-section elementor-top-section elementor-element elementor-element-2836d87b elementor-section-height-min-height elementor-section-items-stretch elementor-reverse-mobile elementor-section-boxed elementor-section-height-default\" data-id=\"2836d87b\" data-element_type=\"section\">\n\t\t\t\t\t\t<div class=\"elementor-container elementor-column-gap-default\">\n\t\t\t\t\t<div class=\"elementor-column elementor-col-50 elementor-top-column elementor-element elementor-element-51825e52\" data-id=\"51825e52\" data-element_type=\"column\">\n\t\t\t<div class=\"elementor-widget-wrap elementor-element-populated\">\n\t\t\t\t\t\t<div class=\"elementor-element elementor-element-707d4ea elementor-widget elementor-widget-heading\" data-id=\"707d4ea\" data-element_type=\"widget\" data-widget_type=\"heading.default\">\n\t\t\t\t<div class=\"elementor-widget-container\">\n\t\t\t\t\t<h3 class=\"elementor-heading-title elementor-size-default\">R\u0119cznie robione jedzenie z Key West jest wyj\u0105tkowe<\/h3>\t\t\t\t<\/div>\n\t\t\t\t<\/div>\n\t\t\t\t<div class=\"elementor-element elementor-element-3f44cfbf elementor-widget elementor-widget-heading\" data-id=\"3f44cfbf\" data-element_type=\"widget\" data-widget_type=\"heading.default\">\n\t\t\t\t<div class=\"elementor-widget-container\">\n\t\t\t\t\t<h2 class=\"elementor-heading-title elementor-size-default\">Po\u0142\u0105czenie pi\u0119kna, historii i kultury<\/h2>\t\t\t\t<\/div>\n\t\t\t\t<\/div>\n\t\t\t\t<div class=\"elementor-element elementor-element-2b5b034a elementor-widget elementor-widget-text-editor\" data-id=\"2b5b034a\" data-element_type=\"widget\" data-widget_type=\"text-editor.default\">\n\t\t\t\t<div class=\"elementor-widget-container\">\n\t\t\t\t\t\t\t\t\t<p>To po\u0142\u0105czenie naturalnego pi\u0119kna, historii i kultury sprawia, \u017ce \u200b\u200bKey West jest naprawd\u0119 wyj\u0105tkowym i niezapomnianym miejscem.<\/p><p>R\u0119cznie robione jedzenie z Key West wyr\u00f3\u017cnia si\u0119, poniewa\u017c odzwierciedla unikaln\u0105 mieszank\u0119 wp\u0142yw\u00f3w kulturowych, \u015bwie\u017cych lokalnych sk\u0142adnik\u00f3w i tradycyjnych technik wyspy. Oto kilka powod\u00f3w, dla kt\u00f3rych r\u0119cznie robione jedzenie z Key West jest tak wyj\u0105tkowe:<\/p><p>1. \u015awie\u017ce, lokalne sk\u0142adniki: Blisko\u015b\u0107 wyspy do oceanu oznacza, \u017ce \u200b\u200bowoce morza s\u0105 codziennie \u015bwie\u017co \u0142owione, cz\u0119sto przygotowywane z prostym, ale pe\u0142nym smaku akcentem. Lokalnie uprawiane produkty, w tym owoce tropikalne, takie jak limonki, s\u0105 u\u017cywane w wielu potrawach, oferuj\u0105c \u017cywe, autentyczne smaki.<\/p><p>2. Fuzja kulturowa: Historia Key West jako tygla r\u00f3\u017cnych kultur (kuba\u0144skiej, bahamskiej i po\u0142udniowej) ukszta\u0142towa\u0142a tamtejsz\u0105 scen\u0119 kulinarn\u0105. R\u0119cznie robione dania cz\u0119sto prezentuj\u0105 t\u0119 mieszank\u0119, od kuba\u0144skich kanapek po sma\u017cone muszle i ciasto z limonk\u0105, \u0142\u0105cz\u0105c smaki w spos\u00f3b, kt\u00f3rego nie znajdziesz nigdzie indziej.<\/p><p>3. Akcent rzemie\u015blniczy: Wiele lokalnych restauracji i producent\u00f3w \u017cywno\u015bci szczyci si\u0119 tworzeniem potraw od podstaw, przy u\u017cyciu tradycyjnych metod. Niezale\u017cnie od tego, czy s\u0105 to r\u0119cznie robione ciastka, \u015bwie\u017co z\u0142owione owoce morza czy pieczywo rzemie\u015blnicze, te potrawy podkre\u015blaj\u0105 jako\u015b\u0107 i kunszt.<\/p><p>4. Smak ponad wygod\u0119: R\u0119cznie robione jedzenie jest cz\u0119sto przygotowywane z wi\u0119ksz\u0105 dba\u0142o\u015bci\u0105 o szczeg\u00f3\u0142y i mniejszym poleganiem na przetworzonych lub gotowych sk\u0142adnikach. Rezultatem s\u0105 bardziej wyraziste, zdrowe smaki i g\u0142\u0119bsze powi\u0105zanie z lokaln\u0105 kultur\u0105 kulinarn\u0105.<\/p><p>5. Dania regionalne: Niekt\u00f3re z charakterystycznych da\u0144 Key West, takie jak s\u0142ynny placek z limonk\u0105, s\u0105 robione r\u0119cznie przy u\u017cyciu tradycyjnych metod przekazywanych z pokolenia na pokolenie. Degustacja tych domowych wersji jest cz\u0119\u015bci\u0105 uroku wyspy.<\/p><p>R\u0119cznie robione jedzenie z Key West oddaje istot\u0119 wyspy \u2014 jest autentyczne, wytwarzane z dba\u0142o\u015bci\u0105 i g\u0142\u0119boko zwi\u0105zane ze \u015brodowiskiem i kultur\u0105 regionu. To szansa na delektowanie si\u0119 smakami raju w jego najczystszej postaci.<\/p>\t\t\t\t\t\t\t\t<\/div>\n\t\t\t\t<\/div>\n\t\t\t\t<div class=\"elementor-element elementor-element-6a5039e elementor-hidden-desktop elementor-hidden-tablet elementor-widget elementor-widget-image\" data-id=\"6a5039e\" data-element_type=\"widget\" data-widget_type=\"image.default\">\n\t\t\t\t<div class=\"elementor-widget-container\">\n\t\t\t\t\t\t\t\t\t\t\t\t\t\t\t<img fetchpriority=\"high\" decoding=\"async\" width=\"800\" height=\"640\" src=\"https:\/\/sosy.uwb.pl\/wp-content\/uploads\/2024\/12\/230906Fotos-seasideDSC02368-1024x819.jpeg\" class=\"attachment-large size-large wp-image-528\" alt=\"\" srcset=\"https:\/\/sosy.uwb.pl\/wp-content\/uploads\/2024\/12\/230906Fotos-seasideDSC02368-1024x819.jpeg 1024w, https:\/\/sosy.uwb.pl\/wp-content\/uploads\/2024\/12\/230906Fotos-seasideDSC02368-300x240.jpeg 300w, https:\/\/sosy.uwb.pl\/wp-content\/uploads\/2024\/12\/230906Fotos-seasideDSC02368-768x614.jpeg 768w, https:\/\/sosy.uwb.pl\/wp-content\/uploads\/2024\/12\/230906Fotos-seasideDSC02368-1536x1229.jpeg 1536w, https:\/\/sosy.uwb.pl\/wp-content\/uploads\/2024\/12\/230906Fotos-seasideDSC02368-2048x1639.jpeg 2048w\" sizes=\"(max-width: 800px) 100vw, 800px\" \/>\t\t\t\t\t\t\t\t\t\t\t\t\t\t\t<\/div>\n\t\t\t\t<\/div>\n\t\t\t\t\t<\/div>\n\t\t<\/div>\n\t\t\t\t<div class=\"elementor-column elementor-col-50 elementor-top-column elementor-element elementor-element-552df5f7\" data-id=\"552df5f7\" data-element_type=\"column\">\n\t\t\t<div class=\"elementor-widget-wrap elementor-element-populated\">\n\t\t\t\t\t\t<div class=\"elementor-element elementor-element-9e38fac elementor--h-position-center elementor--v-position-middle elementor-arrows-position-inside elementor-pagination-position-inside elementor-widget elementor-widget-slides\" data-id=\"9e38fac\" data-element_type=\"widget\" data-settings=\"{&quot;navigation&quot;:&quot;both&quot;,&quot;autoplay&quot;:&quot;yes&quot;,&quot;pause_on_hover&quot;:&quot;yes&quot;,&quot;pause_on_interaction&quot;:&quot;yes&quot;,&quot;autoplay_speed&quot;:5000,&quot;infinite&quot;:&quot;yes&quot;,&quot;transition&quot;:&quot;slide&quot;,&quot;transition_speed&quot;:500}\" data-widget_type=\"slides.default\">\n\t\t\t\t<div class=\"elementor-widget-container\">\n\t\t\t\t\t\t\t\t\t<div class=\"elementor-swiper\">\n\t\t\t\t\t<div class=\"elementor-slides-wrapper elementor-main-swiper swiper\" role=\"region\" aria-roledescription=\"carousel\" aria-label=\"Slajdy\" dir=\"ltr\" data-animation=\"fadeInUp\">\n\t\t\t\t<div class=\"swiper-wrapper elementor-slides\">\n\t\t\t\t\t\t\t\t\t\t<div class=\"elementor-repeater-item-00fddf8 swiper-slide\" role=\"group\" aria-roledescription=\"slide\"><div class=\"swiper-slide-bg\" role=\"img\"><\/div><div class=\"swiper-slide-inner\" ><div class=\"swiper-slide-contents\"><\/div><\/div><\/div><div class=\"elementor-repeater-item-b676a03 swiper-slide\" role=\"group\" aria-roledescription=\"slide\"><div class=\"swiper-slide-bg\" role=\"img\"><\/div><div class=\"swiper-slide-inner\" ><div class=\"swiper-slide-contents\"><\/div><\/div><\/div><div class=\"elementor-repeater-item-12ecc33 swiper-slide\" role=\"group\" aria-roledescription=\"slide\"><div class=\"swiper-slide-bg\" role=\"img\"><\/div><div class=\"swiper-slide-inner\" ><div class=\"swiper-slide-contents\"><\/div><\/div><\/div>\t\t\t\t<\/div>\n\t\t\t\t\t\t\t\t\t\t\t\t\t\t\t<div class=\"elementor-swiper-button elementor-swiper-button-prev\" role=\"button\" tabindex=\"0\" aria-label=\"Previous slide\">\n\t\t\t\t\t\t\t<svg aria-hidden=\"true\" class=\"e-font-icon-svg e-eicon-chevron-left\" viewBox=\"0 0 1000 1000\" xmlns=\"http:\/\/www.w3.org\/2000\/svg\"><path d=\"M646 125C629 125 613 133 604 142L308 442C296 454 292 471 292 487 292 504 296 521 308 533L604 854C617 867 629 875 646 875 663 875 679 871 692 858 704 846 713 829 713 812 713 796 708 779 692 767L438 487 692 225C700 217 708 204 708 187 708 171 704 154 692 142 675 129 663 125 646 125Z\"><\/path><\/svg>\t\t\t\t\t\t<\/div>\n\t\t\t\t\t\t<div class=\"elementor-swiper-button elementor-swiper-button-next\" role=\"button\" tabindex=\"0\" aria-label=\"Next slide\">\n\t\t\t\t\t\t\t<svg aria-hidden=\"true\" class=\"e-font-icon-svg e-eicon-chevron-right\" viewBox=\"0 0 1000 1000\" xmlns=\"http:\/\/www.w3.org\/2000\/svg\"><path d=\"M696 533C708 521 713 504 713 487 713 471 708 454 696 446L400 146C388 133 375 125 354 125 338 125 325 129 313 142 300 154 292 171 292 187 292 204 296 221 308 233L563 492 304 771C292 783 288 800 288 817 288 833 296 850 308 863 321 871 338 875 354 875 371 875 388 867 400 854L696 533Z\"><\/path><\/svg>\t\t\t\t\t\t<\/div>\n\t\t\t\t\t\t\t\t\t\t\t\t\t\t\t\t<div class=\"swiper-pagination\"><\/div>\n\t\t\t\t\t\t\t\t\t\t\t\t<\/div>\n\t\t\t\t<\/div>\n\t\t\t\t\t\t\t\t<\/div>\n\t\t\t\t<\/div>\n\t\t\t\t\t<\/div>\n\t\t<\/div>\n\t\t\t\t\t<\/div>\n\t\t<\/section>\n\t\t\t\t<\/div>\n\t\t","protected":false},"excerpt":{"rendered":"<p>Previous slide Next slide o Key west Key West jest niesamowite z kilku powod\u00f3w: 1. Bogata historia: Key West ma bogat\u0105 histori\u0119, od bycia domem dla postaci literackich, takich jak Ernest Hemingway, po rol\u0119 w historii marynarki wojennej USA. Zwiedzaj\u0105cy mog\u0105 zwiedza\u0107 zabytkowe miejsca, takie jak Dom i Muzeum Ernesta Hemingwaya lub Southernmost Point Buoy. [&hellip;]<\/p>\n","protected":false},"author":1,"featured_media":0,"parent":0,"menu_order":0,"comment_status":"closed","ping_status":"closed","template":"","meta":{"footnotes":""},"class_list":["post-69","page","type-page","status-publish","hentry"],"_links":{"self":[{"href":"https:\/\/sosy.uwb.pl\/index.php\/wp-json\/wp\/v2\/pages\/69","targetHints":{"allow":["GET"]}}],"collection":[{"href":"https:\/\/sosy.uwb.pl\/index.php\/wp-json\/wp\/v2\/pages"}],"about":[{"href":"https:\/\/sosy.uwb.pl\/index.php\/wp-json\/wp\/v2\/types\/page"}],"author":[{"embeddable":true,"href":"https:\/\/sosy.uwb.pl\/index.php\/wp-json\/wp\/v2\/users\/1"}],"replies":[{"embeddable":true,"href":"https:\/\/sosy.uwb.pl\/index.php\/wp-json\/wp\/v2\/comments?post=69"}],"version-history":[{"count":66,"href":"https:\/\/sosy.uwb.pl\/index.php\/wp-json\/wp\/v2\/pages\/69\/revisions"}],"predecessor-version":[{"id":587,"href":"https:\/\/sosy.uwb.pl\/index.php\/wp-json\/wp\/v2\/pages\/69\/revisions\/587"}],"wp:attachment":[{"href":"https:\/\/sosy.uwb.pl\/index.php\/wp-json\/wp\/v2\/media?parent=69"}],"curies":[{"name":"wp","href":"https:\/\/api.w.org\/{rel}","templated":true}]}}