{"id":48,"date":"2024-12-11T09:47:48","date_gmt":"2024-12-11T08:47:48","guid":{"rendered":"http:\/\/sosy.uwb.pl\/index.php\/3-w-1\/"},"modified":"2024-12-11T11:33:09","modified_gmt":"2024-12-11T10:33:09","slug":"the-lovers-chimichurri","status":"publish","type":"page","link":"https:\/\/sosy.uwb.pl\/index.php\/the-lovers-chimichurri\/","title":{"rendered":"The Lovers &#8211; Chimichurri"},"content":{"rendered":"\t\t<div data-elementor-type=\"wp-page\" data-elementor-id=\"48\" class=\"elementor elementor-48\" data-elementor-post-type=\"page\">\n\t\t\t\t\t\t<section class=\"elementor-section elementor-top-section elementor-element elementor-element-2b3dce6b elementor-section-boxed elementor-section-height-default elementor-section-height-default\" data-id=\"2b3dce6b\" data-element_type=\"section\" data-settings=\"{&quot;background_background&quot;:&quot;classic&quot;,&quot;shape_divider_bottom_negative&quot;:&quot;yes&quot;,&quot;shape_divider_bottom&quot;:&quot;waves&quot;}\">\n\t\t\t\t\t\t\t<div class=\"elementor-background-overlay\"><\/div>\n\t\t\t\t\t\t<div class=\"elementor-shape elementor-shape-bottom\" aria-hidden=\"true\" data-negative=\"true\">\n\t\t\t<svg xmlns=\"http:\/\/www.w3.org\/2000\/svg\" viewBox=\"0 0 1000 100\" preserveAspectRatio=\"none\">\n\t<path class=\"elementor-shape-fill\" d=\"M790.5,93.1c-59.3-5.3-116.8-18-192.6-50c-29.6-12.7-76.9-31-100.5-35.9c-23.6-4.9-52.6-7.8-75.5-5.3\n\tc-10.2,1.1-22.6,1.4-50.1,7.4c-27.2,6.3-58.2,16.6-79.4,24.7c-41.3,15.9-94.9,21.9-134,22.6C72,58.2,0,25.8,0,25.8V100h1000V65.3\n\tc0,0-51.5,19.4-106.2,25.7C839.5,97,814.1,95.2,790.5,93.1z\"\/>\n<\/svg>\t\t<\/div>\n\t\t\t\t\t<div class=\"elementor-container elementor-column-gap-default\">\n\t\t\t\t\t<div class=\"elementor-column elementor-col-100 elementor-top-column elementor-element elementor-element-405a7274\" data-id=\"405a7274\" data-element_type=\"column\">\n\t\t\t<div class=\"elementor-widget-wrap elementor-element-populated\">\n\t\t\t\t\t\t<section class=\"elementor-section elementor-inner-section elementor-element elementor-element-5c7bb8e elementor-section-full_width elementor-section-height-default elementor-section-height-default\" data-id=\"5c7bb8e\" data-element_type=\"section\">\n\t\t\t\t\t\t<div class=\"elementor-container elementor-column-gap-default\">\n\t\t\t\t\t<div class=\"elementor-column elementor-col-33 elementor-inner-column elementor-element elementor-element-48f1e387\" data-id=\"48f1e387\" data-element_type=\"column\">\n\t\t\t<div class=\"elementor-widget-wrap\">\n\t\t\t\t\t\t\t<\/div>\n\t\t<\/div>\n\t\t\t\t<div class=\"elementor-column elementor-col-33 elementor-inner-column elementor-element elementor-element-6ff02821\" data-id=\"6ff02821\" data-element_type=\"column\">\n\t\t\t<div class=\"elementor-widget-wrap elementor-element-populated\">\n\t\t\t\t\t\t<div class=\"elementor-element elementor-element-15cec484 elementor-widget elementor-widget-heading\" data-id=\"15cec484\" data-element_type=\"widget\" data-widget_type=\"heading.default\">\n\t\t\t\t<div class=\"elementor-widget-container\">\n\t\t\t\t\t<h2 class=\"elementor-heading-title elementor-size-default\">NASZE SOSY<\/h2>\t\t\t\t<\/div>\n\t\t\t\t<\/div>\n\t\t\t\t\t<\/div>\n\t\t<\/div>\n\t\t\t\t<div class=\"elementor-column elementor-col-33 elementor-inner-column elementor-element elementor-element-6407a976\" data-id=\"6407a976\" data-element_type=\"column\">\n\t\t\t<div class=\"elementor-widget-wrap\">\n\t\t\t\t\t\t\t<\/div>\n\t\t<\/div>\n\t\t\t\t\t<\/div>\n\t\t<\/section>\n\t\t\t\t\t<\/div>\n\t\t<\/div>\n\t\t\t\t\t<\/div>\n\t\t<\/section>\n\t\t\t\t<section class=\"elementor-section elementor-top-section elementor-element elementor-element-21a55c98 elementor-section-height-min-height elementor-section-items-stretch elementor-section-boxed elementor-section-height-default\" data-id=\"21a55c98\" data-element_type=\"section\">\n\t\t\t\t\t\t<div class=\"elementor-container elementor-column-gap-default\">\n\t\t\t\t\t<div class=\"elementor-column elementor-col-33 elementor-top-column elementor-element elementor-element-50e022c3\" data-id=\"50e022c3\" data-element_type=\"column\">\n\t\t\t<div class=\"elementor-widget-wrap elementor-element-populated\">\n\t\t\t\t\t\t<div class=\"elementor-element elementor-element-4c4bd518 elementor--h-position-center elementor--v-position-middle elementor-arrows-position-inside elementor-pagination-position-inside elementor-widget elementor-widget-slides\" data-id=\"4c4bd518\" data-element_type=\"widget\" data-settings=\"{&quot;navigation&quot;:&quot;both&quot;,&quot;autoplay&quot;:&quot;yes&quot;,&quot;pause_on_hover&quot;:&quot;yes&quot;,&quot;pause_on_interaction&quot;:&quot;yes&quot;,&quot;autoplay_speed&quot;:5000,&quot;infinite&quot;:&quot;yes&quot;,&quot;transition&quot;:&quot;slide&quot;,&quot;transition_speed&quot;:500}\" data-widget_type=\"slides.default\">\n\t\t\t\t<div class=\"elementor-widget-container\">\n\t\t\t\t\t\t\t\t\t<div class=\"elementor-swiper\">\n\t\t\t\t\t<div class=\"elementor-slides-wrapper elementor-main-swiper swiper\" role=\"region\" aria-roledescription=\"carousel\" aria-label=\"Slajdy\" dir=\"ltr\" data-animation=\"fadeInUp\">\n\t\t\t\t<div class=\"swiper-wrapper elementor-slides\">\n\t\t\t\t\t\t\t\t\t\t<div class=\"elementor-repeater-item-48b999a swiper-slide\" role=\"group\" aria-roledescription=\"slide\"><div class=\"swiper-slide-bg\" role=\"img\"><\/div><div class=\"swiper-slide-inner\" ><div class=\"swiper-slide-contents\"><\/div><\/div><\/div>\t\t\t\t<\/div>\n\t\t\t\t\t\t\t<\/div>\n\t\t\t\t<\/div>\n\t\t\t\t\t\t\t\t<\/div>\n\t\t\t\t<\/div>\n\t\t\t\t\t<\/div>\n\t\t<\/div>\n\t\t\t\t<div class=\"elementor-column elementor-col-66 elementor-top-column elementor-element elementor-element-57dd6183\" data-id=\"57dd6183\" data-element_type=\"column\">\n\t\t\t<div class=\"elementor-widget-wrap elementor-element-populated\">\n\t\t\t\t\t\t<div class=\"elementor-element elementor-element-30b4661f elementor-widget elementor-widget-heading\" data-id=\"30b4661f\" data-element_type=\"widget\" data-widget_type=\"heading.default\">\n\t\t\t\t<div class=\"elementor-widget-container\">\n\t\t\t\t\t<h3 class=\"elementor-heading-title elementor-size-default\">BONES GUY<\/h3>\t\t\t\t<\/div>\n\t\t\t\t<\/div>\n\t\t\t\t<div class=\"elementor-element elementor-element-7246ff58 elementor-widget elementor-widget-heading\" data-id=\"7246ff58\" data-element_type=\"widget\" data-widget_type=\"heading.default\">\n\t\t\t\t<div class=\"elementor-widget-container\">\n\t\t\t\t\t<h2 class=\"elementor-heading-title elementor-size-default\">The Lovers - Chimichurri<\/h2>\t\t\t\t<\/div>\n\t\t\t\t<\/div>\n\t\t\t\t<div class=\"elementor-element elementor-element-6e4eca7a elementor-widget elementor-widget-text-editor\" data-id=\"6e4eca7a\" data-element_type=\"widget\" data-widget_type=\"text-editor.default\">\n\t\t\t\t<div class=\"elementor-widget-container\">\n\t\t\t\t\t\t\t\t\t<p>Szukasz \u0142agodnego, ostrego sosu z odrobin\u0105 pikanterii? Nie szukaj dalej ni\u017c The Lovers! Ten pyszny sos jest zrobiony z idealnej mieszanki sosu chimichurri i \u0142agodnych papryczek jalapeno, daj\u0105c Ci eksplozj\u0119 smaku z odrobin\u0105 ostro\u015bci.<\/p><p>Wykonany z naturalnych sk\u0142adnik\u00f3w, takich jak sok pomara\u0144czowy, sok z limonki prosto z Key West! i \u015bwie\u017ce zio\u0142a, takie jak bazylia i kolendra, jest idealnym dodatkiem do ka\u017cdego posi\u0142ku.<\/p><p>Niezale\u017cnie od tego, czy dodajesz go do porannych jajek, czy polewasz nim swoj\u0105 ulubion\u0105 kanapk\u0119, ten ostry sos na bazie chimichurri z pewno\u015bci\u0105 stanie si\u0119 Twoim ulubionym \u0142agodnym ostrym sosem.<\/p>\t\t\t\t\t\t\t\t<\/div>\n\t\t\t\t<\/div>\n\t\t\t\t<div class=\"elementor-element elementor-element-64a27909 elementor-widget elementor-widget-text-editor\" data-id=\"64a27909\" data-element_type=\"widget\" data-widget_type=\"text-editor.default\">\n\t\t\t\t<div class=\"elementor-widget-container\">\n\t\t\t\t\t\t\t\t\t<h6><strong>Historia Sosu:<\/strong><\/h6><p>\u00a0<\/p><p>Szkieletor, mistrz czar\u00f3w, odkry\u0142 sekretny sk\u0142adnik, kt\u00f3ry sprawi\u0142, \u017ce jego ostry sos na bazie chimichurri by\u0142 nieodparty dla ka\u017cdego, kto go spr\u00f3bowa\u0142. Nazwa\u0142 go \u201eMi\u0142osnym Eliksirem\u201d, poniewa\u017c ka\u017cdy, kto go spr\u00f3bowa\u0142, zakochiwa\u0142 si\u0119 bez pami\u0119ci w czymkolwiek, do czego go po\u0142o\u017cy\u0142.<\/p>\t\t\t\t\t\t\t\t<\/div>\n\t\t\t\t<\/div>\n\t\t\t\t<div class=\"elementor-element elementor-element-7f96c820 elementor-icon-list--layout-traditional elementor-list-item-link-full_width elementor-widget elementor-widget-icon-list\" data-id=\"7f96c820\" data-element_type=\"widget\" data-widget_type=\"icon-list.default\">\n\t\t\t\t<div class=\"elementor-widget-container\">\n\t\t\t\t\t\t\t<ul class=\"elementor-icon-list-items\">\n\t\t\t\t\t\t\t<li class=\"elementor-icon-list-item\">\n\t\t\t\t\t\t\t\t\t\t\t<span class=\"elementor-icon-list-icon\">\n\t\t\t\t\t\t\t<svg xmlns=\"http:\/\/www.w3.org\/2000\/svg\" id=\"Capa_1\" height=\"512\" viewBox=\"0 0 512 512\" width=\"512\"><g><g><g><path d=\"m486.511 80.635c-3.134-4.547-9.361-5.69-13.909-2.558-4.547 3.135-5.692 9.361-2.558 13.909 14.115 20.476 21.705 44.396 21.951 69.174.332 33.654-12.534 65.317-36.227 89.171l-121.878 115.367-35.061 14.512c.149-1.378.227-2.771.233-4.175.061-22.079-17.814-40.146-39.828-40.218h-92.556c-2.09.031-4.174.081-6.257.275l-90.445-85.871c-23.64-23.868-36.467-55.52-36.118-89.136.702-68.267 56.897-123.65 125.149-123.431 37.396.116 72.454 16.796 96.183 45.763 3.766 4.835 11.706 4.835 15.472 0 23.729-28.967 58.787-45.646 96.182-45.763 13.151-.04 26.157 2 38.636 6.057 5.252 1.711 10.895-1.166 12.602-6.418 1.708-5.252-1.166-10.895-6.418-12.602-14.499-4.715-29.605-7.084-44.88-7.037-39.489.122-76.729 16.161-103.857 44.375-27.128-28.214-64.368-44.253-103.858-44.375-79.188-.253-144.395 64.013-145.21 143.224-.406 39.059 14.519 75.829 42.024 103.537.07.07.14.14.212.207l81.999 77.851c-5.716 2.881-10.993 6.646-15.633 11.25l-29.634 29.175c-3.681 3.625-8.732 5.332-13.855 4.665l-67.694-8.72c-5.475-.702-10.49 3.163-11.195 8.641-.706 5.478 3.163 10.49 8.64 11.195l67.694 8.72c11.259 1.445 22.353-2.286 30.441-10.249l29.662-29.202c7.974-7.913 18.917-12.138 30.101-12.131h92.574c10.954.04 19.866 9.062 19.866 20.11-.106 9.873-8.313 19.911-18.768 19.911h-72.076c-13.229.48-13.266 19.505 0 20h72.076c10.502 0 19.224-5.415 22.759-7.974l110.338-45.15c6.956-2.839 14.52-2.066 20.754 2.121 14.428 9.694 12.199 32.173-3.834 38.886l-141.199 59.717c-17.457 7.31-35.914 10.981-54.852 10.908h-204.258c-5.523 0-10 4.478-10 10s4.477 10 10 10h204.221c21.591.082 42.673-4.11 62.646-12.474l141.199-59.717c30.403-12.729 34.617-55.523 7.23-73.922-11.682-7.849-26.435-9.358-39.512-4.017l-.193.08 84.034-79.545c.072-.068.143-.138.212-.208 27.569-27.692 42.54-64.479 42.155-103.583-.284-28.778-9.096-56.554-25.482-80.325z\"><\/path><path d=\"m210.929 180.615 3.681-9.605h25.534l3.638 9.581c1.636 4.309 6.657 6.563 10.964 4.929 4.389-1.667 6.595-6.575 4.929-10.964l-22.969-60.483c-.03-.078-.061-.155-.092-.232-1.538-3.717-5.133-6.115-9.157-6.111-4.024.003-7.614 2.408-9.146 6.127-.026.064-.052.13-.077.194l-23.179 60.481c-1.68 4.384.512 9.299 4.895 10.979 4.386 1.677 9.3-.512 10.979-4.896zm22.759-26.605h-12.563l6.31-16.465z\"><\/path><path d=\"m223.07 279.774c4.383 1.678 9.299-.512 10.979-4.896l3.681-9.604h25.534l3.638 9.58c1.636 4.309 6.657 6.563 10.964 4.929 4.389-1.667 6.595-6.575 4.929-10.964l-22.969-60.483c-.03-.079-.061-.157-.093-.235-1.539-3.716-5.135-6.113-9.159-6.108s-7.614 2.411-9.144 6.131c-.026.063-.052.127-.076.191l-23.179 60.48c-1.68 4.383.512 9.299 4.895 10.979zm33.739-31.5h-12.563l6.311-16.466z\"><\/path><path d=\"m291.683 177.573v-34.104l26.183 37.68c2.474 3.55 6.6 5.052 10.513 3.82 3.985-1.252 6.56-4.967 6.56-9.547l-.577-59.277c-.043-4.696-3.897-8.465-8.582-8.417-4.694.046-8.463 3.889-8.417 8.583l.339 34.811-27.539-39.63c-2.12-3.05-5.977-4.37-9.521-3.261-3.545 1.111-5.958 4.396-5.958 8.111v61.23c.348 11.239 16.654 11.231 16.999.001z\"><\/path><path d=\"m130.835 279.721c4.619.837 9.043-2.227 9.882-6.845l5.522-30.408 9.157 30.843c.03.102.062.203.096.304 1.366 4.043 5.159 6.744 9.425 6.722 4.271-.021 8.031-2.762 9.355-6.818.032-.099.062-.197.091-.296l8.839-30.812 5.875 30.554c.886 4.609 5.342 7.634 9.953 6.741 4.61-.886 7.628-5.342 6.742-9.952l-11.492-59.757c-.007-.034-.013-.067-.021-.102-.9-4.39-4.655-7.632-9.131-7.886-4.472-.247-8.577 2.543-9.968 6.803-.032.098-.062.196-.09.295l-10.32 35.979-10.707-36.063c-.03-.102-.062-.203-.096-.303-1.436-4.248-5.575-7.007-10.042-6.7-4.476.303-8.196 3.588-9.064 8.083l-10.85 59.738c-.839 4.617 2.225 9.042 6.844 9.88z\"><\/path><path d=\"m134.431 107.728c-4.694 0-8.5 3.806-8.5 8.5v61.345c.348 11.238 16.655 11.23 17 0v-23.225h21.232v23.225c.348 11.238 16.655 11.23 17 0v-61.345c-.348-11.238-16.655-11.23-17 0v21.12h-21.232v-21.12c0-4.694-3.806-8.5-8.5-8.5z\"><\/path><path d=\"m394.639 219.272c11.238-.348 11.23-16.655 0-17h-20.166c-4.694 0-8.5 3.806-8.5 8.5v60.785c0 4.694 3.806 8.5 8.5 8.5h20.166c11.238-.348 11.23-16.655 0-17h-11.666v-13.393h10.887c11.238-.348 11.23-16.655 0-17h-10.887v-13.393h11.666z\"><\/path><path d=\"m378.772 108.636h-16.966c-4.654 0-8.5 3.937-8.5 8.562v58.502c0 4.958 3.413 9.467 8.653 9.467.513-.002 12.617-.048 17.457-.132 42.769-.793 42.795-77.048-.644-76.399zm.349 59.4c-2.024.035-5.454.064-8.722.086-.059-16.61-.044-25.354-.078-42.486h8.451c14.56 0 15.691 16.276 15.691 21.265-.001 10.387-4.745 20.95-15.342 21.135z\"><\/path><path d=\"m299.312 276.962c1.573 1.561 3.805 2.468 6.02 2.468.513-.002 12.617-.048 17.457-.132 42.76-.785 42.804-77.044-.645-76.398h-16.965c-4.654 0-8.5 3.937-8.5 8.562v58.502c0 2.541.8 5.178 2.633 6.998zm22.833-57.063c14.56 0 15.691 16.277 15.691 21.266 0 14.416-7.705 21.003-15.342 21.135-2.024.035-5.454.064-8.722.086-.059-16.609-.044-25.354-.078-42.486h8.451z\"><\/path><path d=\"m437.781 57.831c1.692 4.058 5.948 6.592 10.324 6.107 4.193-.465 7.729-3.615 8.654-7.738 1.912-8.521-7.709-15.281-15.092-10.639-4.064 2.554-5.731 7.838-3.886 12.27z\"><\/path><\/g><\/g><\/g><\/svg>\t\t\t\t\t\t<\/span>\n\t\t\t\t\t\t\t\t\t\t<span class=\"elementor-icon-list-text\">R\u0119cznie produkowany<\/span>\n\t\t\t\t\t\t\t\t\t<\/li>\n\t\t\t\t\t\t\t\t<li class=\"elementor-icon-list-item\">\n\t\t\t\t\t\t\t\t\t\t\t<span class=\"elementor-icon-list-icon\">\n\t\t\t\t\t\t\t<svg xmlns=\"http:\/\/www.w3.org\/2000\/svg\" id=\"Layer_1\" height=\"512\" viewBox=\"0 0 100.92 100.92\" width=\"512\" data-name=\"Layer 1\"><g transform=\"translate(-250.04 -252)\"><path d=\"m300.5 352.92a50.46 50.46 0 1 1 35.7-14.76 50.33 50.33 0 0 1 -35.7 14.76zm0-95.2a44.75 44.75 0 1 0 31.65 13.09 44.6 44.6 0 0 0 -31.65-13.09z\"><\/path><path d=\"m302.25 330.7h-5.81a13.22 13.22 0 0 1 -13.21-13.21v-3.4a2.41 2.41 0 0 1 2.41-2.41h3.36a13.22 13.22 0 0 1 13.21 13.21zm-15-15v1.8a9.21 9.21 0 0 0 9.2 9.2h1.8v-1.8a9.21 9.21 0 0 0 -9.2-9.2z\"><\/path><path d=\"m302.25 316.71h-5.81a13.21 13.21 0 0 1 -13.21-13.21v-3.39a2.41 2.41 0 0 1 2.41-2.41h3.36a13.21 13.21 0 0 1 13.21 13.21zm-15-15v1.79a9.22 9.22 0 0 0 9.2 9.21h1.8v-1.8a9.21 9.21 0 0 0 -9.2-9.2z\"><\/path><path d=\"m302.25 302.73h-5.81a13.22 13.22 0 0 1 -13.21-13.21v-3.4a2.41 2.41 0 0 1 2.41-2.41h3.36a13.22 13.22 0 0 1 13.21 13.21zm-15-15v1.8a9.21 9.21 0 0 0 9.2 9.2h1.8v-1.8a9.21 9.21 0 0 0 -9.2-9.2z\"><\/path><path d=\"m304 330.7h-5.81v-5.81a13.21 13.21 0 0 1 13.21-13.21h3.39a2.4 2.4 0 0 1 2.41 2.41v3.4a13.21 13.21 0 0 1 -13.2 13.21zm-1.8-4h1.8a9.21 9.21 0 0 0 9.2-9.2v-1.8h-1.8a9.21 9.21 0 0 0 -9.2 9.2z\"><\/path><path d=\"m304 316.71h-5.81v-5.8a13.2 13.2 0 0 1 13.21-13.21h3.39a2.4 2.4 0 0 1 2.41 2.41v3.39a13.2 13.2 0 0 1 -13.2 13.21zm-1.8-4h1.8a9.22 9.22 0 0 0 9.2-9.21v-1.79h-1.8a9.21 9.21 0 0 0 -9.2 9.2z\"><\/path><path d=\"m304 302.73h-5.81v-5.81a13.21 13.21 0 0 1 13.21-13.21h3.76a2 2 0 0 1 2 2.05v3.76a13.21 13.21 0 0 1 -13.16 13.21zm-1.8-4h1.8a9.21 9.21 0 0 0 9.2-9.2v-1.8h-1.8a9.21 9.21 0 0 0 -9.2 9.2z\"><\/path><path d=\"m300.23 294.24-4.23-4.24a13.83 13.83 0 0 1 0-19.57l2.88-2.88a1.94 1.94 0 0 1 2.75 0l2.88 2.88a13.85 13.85 0 0 1 0 19.57zm0-22.41-1.42 1.42a9.86 9.86 0 0 0 0 13.91l1.42 1.42 1.43-1.42a9.86 9.86 0 0 0 0-13.91z\"><\/path><path d=\"m300.29 339.14a2 2 0 0 1 -2-2v-45.73a2 2 0 0 1 4 0v45.72a2 2 0 0 1 -2 2.01z\"><\/path><path d=\"m284.28 320.19a13.43 13.43 0 0 1 -.74-3.7l-18.18 18.19a2.07 2.07 0 0 0 1.46 3.53 2.11 2.11 0 0 0 1.47-.61l16.37-16.37c-.13-.35-.26-.69-.38-1.04z\"><\/path><path d=\"m335.64 267.32a2.07 2.07 0 0 0 -2.93 0l-17.32 17.33c1.13.94 1.37 2.77 1.47 4.12a2.09 2.09 0 0 0 0 .25l18.77-18.77a2.07 2.07 0 0 0 .01-2.93z\"><\/path><\/g><\/svg>\t\t\t\t\t\t<\/span>\n\t\t\t\t\t\t\t\t\t\t<span class=\"elementor-icon-list-text\">Wolny od glutenu<\/span>\n\t\t\t\t\t\t\t\t\t<\/li>\n\t\t\t\t\t\t<\/ul>\n\t\t\t\t\t\t<\/div>\n\t\t\t\t<\/div>\n\t\t\t\t\t<\/div>\n\t\t<\/div>\n\t\t\t\t\t<\/div>\n\t\t<\/section>\n\t\t\t\t<\/div>\n\t\t","protected":false},"excerpt":{"rendered":"<p>NASZE SOSY BONES GUY The Lovers &#8211; Chimichurri Szukasz \u0142agodnego, ostrego sosu z odrobin\u0105 pikanterii? Nie szukaj dalej ni\u017c The Lovers! Ten pyszny sos jest zrobiony z idealnej mieszanki sosu chimichurri i \u0142agodnych papryczek jalapeno, daj\u0105c Ci eksplozj\u0119 smaku z odrobin\u0105 ostro\u015bci. Wykonany z naturalnych sk\u0142adnik\u00f3w, takich jak sok pomara\u0144czowy, sok z limonki prosto z [&hellip;]<\/p>\n","protected":false},"author":1,"featured_media":0,"parent":0,"menu_order":0,"comment_status":"closed","ping_status":"closed","template":"","meta":{"footnotes":""},"class_list":["post-48","page","type-page","status-publish","hentry"],"_links":{"self":[{"href":"https:\/\/sosy.uwb.pl\/index.php\/wp-json\/wp\/v2\/pages\/48","targetHints":{"allow":["GET"]}}],"collection":[{"href":"https:\/\/sosy.uwb.pl\/index.php\/wp-json\/wp\/v2\/pages"}],"about":[{"href":"https:\/\/sosy.uwb.pl\/index.php\/wp-json\/wp\/v2\/types\/page"}],"author":[{"embeddable":true,"href":"https:\/\/sosy.uwb.pl\/index.php\/wp-json\/wp\/v2\/users\/1"}],"replies":[{"embeddable":true,"href":"https:\/\/sosy.uwb.pl\/index.php\/wp-json\/wp\/v2\/comments?post=48"}],"version-history":[{"count":14,"href":"https:\/\/sosy.uwb.pl\/index.php\/wp-json\/wp\/v2\/pages\/48\/revisions"}],"predecessor-version":[{"id":270,"href":"https:\/\/sosy.uwb.pl\/index.php\/wp-json\/wp\/v2\/pages\/48\/revisions\/270"}],"wp:attachment":[{"href":"https:\/\/sosy.uwb.pl\/index.php\/wp-json\/wp\/v2\/media?parent=48"}],"curies":[{"name":"wp","href":"https:\/\/api.w.org\/{rel}","templated":true}]}}